{"id":82,"date":"2023-07-28T14:45:56","date_gmt":"2023-07-28T12:45:56","guid":{"rendered":"https:\/\/flakbeer.com\/?page_id=82"},"modified":"2025-04-21T17:35:08","modified_gmt":"2025-04-21T15:35:08","slug":"accueil-flak-beer","status":"publish","type":"page","link":"https:\/\/flakbeer.com\/en\/","title":{"rendered":"Accueil"},"content":{"rendered":"","protected":false},"excerpt":{"rendered":"","protected":false},"author":1,"featured_media":0,"parent":0,"menu_order":0,"comment_status":"closed","ping_status":"closed","template":"","meta":{"_acf_changed":false,"footnotes":""},"class_list":["post-82","page","type-page","status-publish","hentry"],"acf":[],"yoast_head":"<!-- This site is optimized with the Yoast SEO plugin v27.4 - https:\/\/yoast.com\/product\/yoast-seo-wordpress\/ -->\n<title>Accueil | FLAKBEER<\/title>\n<meta name=\"description\" content=\"Flak Beer est une marque de bi\u00e8re belge qui m\u00e9lange la bi\u00e8re et la musique.\" \/>\n<meta name=\"robots\" content=\"index, follow, max-snippet:-1, max-image-preview:large, max-video-preview:-1\" \/>\n<link rel=\"canonical\" href=\"https:\/\/flakbeer.com\/en\/\" \/>\n<meta property=\"og:locale\" content=\"en_US\" \/>\n<meta property=\"og:type\" content=\"article\" \/>\n<meta property=\"og:title\" content=\"Accueil | FLAKBEER\" \/>\n<meta property=\"og:description\" content=\"Flak Beer est une marque de bi\u00e8re belge qui m\u00e9lange la bi\u00e8re et la musique.\" \/>\n<meta property=\"og:url\" content=\"https:\/\/flakbeer.com\/en\/\" \/>\n<meta property=\"og:site_name\" content=\"FLAKBEER\" \/>\n<meta property=\"article:publisher\" content=\"https:\/\/www.facebook.com\/flakbeer\" \/>\n<meta property=\"article:modified_time\" content=\"2025-04-21T15:35:08+00:00\" \/>\n<meta property=\"og:image\" content=\"https:\/\/flakbeer.com\/wp-content\/uploads\/2023\/10\/img-partage.jpg\" \/>\n\t<meta property=\"og:image:width\" content=\"1200\" \/>\n\t<meta property=\"og:image:height\" content=\"675\" \/>\n\t<meta property=\"og:image:type\" content=\"image\/jpeg\" \/>\n<meta name=\"twitter:card\" content=\"summary_large_image\" \/>\n<!-- \/ Yoast SEO plugin. -->","yoast_head_json":{"title":"Accueil | FLAKBEER","description":"Flak Beer est une marque de bi\u00e8re belge qui m\u00e9lange la bi\u00e8re et la musique.","robots":{"index":"index","follow":"follow","max-snippet":"max-snippet:-1","max-image-preview":"max-image-preview:large","max-video-preview":"max-video-preview:-1"},"canonical":"https:\/\/flakbeer.com\/en\/","og_locale":"en_US","og_type":"article","og_title":"Accueil | FLAKBEER","og_description":"Flak Beer est une marque de bi\u00e8re belge qui m\u00e9lange la bi\u00e8re et la musique.","og_url":"https:\/\/flakbeer.com\/en\/","og_site_name":"FLAKBEER","article_publisher":"https:\/\/www.facebook.com\/flakbeer","article_modified_time":"2025-04-21T15:35:08+00:00","og_image":[{"width":1200,"height":675,"url":"https:\/\/flakbeer.com\/wp-content\/uploads\/2023\/10\/img-partage.jpg","type":"image\/jpeg"}],"twitter_card":"summary_large_image","schema":{"@context":"https:\/\/schema.org","@graph":[{"@type":"WebPage","@id":"https:\/\/flakbeer.com\/en\/","url":"https:\/\/flakbeer.com\/en\/","name":"Accueil | FLAKBEER","isPartOf":{"@id":"https:\/\/flakbeer.com\/en\/#website"},"datePublished":"2023-07-28T12:45:56+00:00","dateModified":"2025-04-21T15:35:08+00:00","description":"Flak Beer est une marque de bi\u00e8re belge qui m\u00e9lange la bi\u00e8re et la musique.","breadcrumb":{"@id":"https:\/\/flakbeer.com\/en\/#breadcrumb"},"inLanguage":"en-US","potentialAction":[{"@type":"ReadAction","target":[["https:\/\/flakbeer.com\/en\/"]]}]},{"@type":"BreadcrumbList","@id":"https:\/\/flakbeer.com\/en\/#breadcrumb","itemListElement":[{"@type":"ListItem","position":1,"name":"Accueil","item":"https:\/\/flakbeer.com\/en\/"},{"@type":"ListItem","position":2,"name":"Accueil"}]},{"@type":"WebSite","@id":"https:\/\/flakbeer.com\/en\/#website","url":"https:\/\/flakbeer.com\/en\/","name":"FLAKBEER","description":"Beer &amp; Music","publisher":{"@id":"https:\/\/flakbeer.com\/en\/#organization"},"alternateName":"FLAKBEER","potentialAction":[{"@type":"SearchAction","target":{"@type":"EntryPoint","urlTemplate":"https:\/\/flakbeer.com\/en\/?s={search_term_string}"},"query-input":{"@type":"PropertyValueSpecification","valueRequired":true,"valueName":"search_term_string"}}],"inLanguage":"en-US"},{"@type":"Organization","@id":"https:\/\/flakbeer.com\/en\/#organization","name":"FLAKBEER","alternateName":"FLAKBEER","url":"https:\/\/flakbeer.com\/en\/","logo":{"@type":"ImageObject","inLanguage":"en-US","@id":"https:\/\/flakbeer.com\/en\/#\/schema\/logo\/image\/","url":"https:\/\/flakbeer.com\/wp-content\/uploads\/2023\/10\/img-profil.jpg","contentUrl":"https:\/\/flakbeer.com\/wp-content\/uploads\/2023\/10\/img-profil.jpg","width":696,"height":696,"caption":"FLAKBEER"},"image":{"@id":"https:\/\/flakbeer.com\/en\/#\/schema\/logo\/image\/"},"sameAs":["https:\/\/www.facebook.com\/flakbeer"]}]}},"_links":{"self":[{"href":"https:\/\/flakbeer.com\/en\/wp-json\/wp\/v2\/pages\/82","targetHints":{"allow":["GET"]}}],"collection":[{"href":"https:\/\/flakbeer.com\/en\/wp-json\/wp\/v2\/pages"}],"about":[{"href":"https:\/\/flakbeer.com\/en\/wp-json\/wp\/v2\/types\/page"}],"author":[{"embeddable":true,"href":"https:\/\/flakbeer.com\/en\/wp-json\/wp\/v2\/users\/1"}],"replies":[{"embeddable":true,"href":"https:\/\/flakbeer.com\/en\/wp-json\/wp\/v2\/comments?post=82"}],"version-history":[{"count":31,"href":"https:\/\/flakbeer.com\/en\/wp-json\/wp\/v2\/pages\/82\/revisions"}],"predecessor-version":[{"id":707,"href":"https:\/\/flakbeer.com\/en\/wp-json\/wp\/v2\/pages\/82\/revisions\/707"}],"wp:attachment":[{"href":"https:\/\/flakbeer.com\/en\/wp-json\/wp\/v2\/media?parent=82"}],"curies":[{"name":"wp","href":"https:\/\/api.w.org\/{rel}","templated":true}]}}